{"id":6661,"date":"2025-12-10T12:27:20","date_gmt":"2025-12-10T12:27:20","guid":{"rendered":"https:\/\/ridextravel.com\/ridemybike\/?post_type=product&#038;p=6661"},"modified":"2025-12-11T12:28:34","modified_gmt":"2025-12-11T12:28:34","slug":"teammachine-slr-01-frameset","status":"publish","type":"product","link":"https:\/\/ridextravel.com\/ridemybike\/produto\/teammachine-slr-01-frameset\/","title":{"rendered":"Teammachine SLR 01 Frameset"},"content":{"rendered":"<p data-path-to-node=\"2,0\">A Teammachine SLR 01 \u00e9 uma verdadeira BMC por defini\u00e7\u00e3o. Com a sua alta pontua\u00e7\u00e3o de rigidez e a camada de carbono &#8220;01&#8221; mais leve, as montanhas encontraram a sua rival. Mais velocidade, pergunta? Constru\u00edmos uma aerodin\u00e2mica superior que a torna quase t\u00e3o r\u00e1pida como uma Teammachine R 01.<\/p>\n<p data-path-to-node=\"2,1\">Tudo isto sem compromissos: os nossos engenheiros do Impec Lab asseguraram-se de que ter\u00edamos uma experi\u00eancia de condu\u00e7\u00e3o completamente BMC, incluindo a conformidade TCC Race, um manuseamento preciso e uma geometria de bicicleta que se adapta \u00e0s suas necessidades.<\/p>\n","protected":false},"excerpt":{"rendered":"<p>Redefina a gravidade. O grau de carbono mais alto oferece-lhe o quadro mais leve da gama da BMC.<\/p>\n<h3 data-path-to-node=\"9,0\">CARACTER\u00cdSTICAS PRINCIPAIS<\/h3>\n<ul data-path-to-node=\"9,1\">\n<li>\n<p data-path-to-node=\"9,1,0,0\">O <i>Frameset<\/i> mais leve da BMC (SLR 01)<\/p>\n<\/li>\n<li>\n<p data-path-to-node=\"9,1,1,0\">Acabamento <b>VAR0<\/b> para m\u00e1xima personaliza\u00e7\u00e3o de montagem<\/p>\n<\/li>\n<li>\n<p data-path-to-node=\"9,1,2,0\">Inclui <b>Quadro, Forqueta, <i>Cockpit<\/i> ICS Carbon Evo, Espig\u00e3o de Selim e Caixa de Dire\u00e7\u00e3o<\/b><\/p>\n<\/li>\n<li>\n<p data-path-to-node=\"9,1,3,0\">Constru\u00e7\u00e3o em <b>Carbono Premium 01<\/b> com tecnologia TCC Race<\/p>\n<\/li>\n<li>\n<p data-path-to-node=\"9,1,4,0\">Concebido para grupos de transmiss\u00e3o eletr\u00f3nicos e trav\u00f5es de disco<\/p>\n<\/li>\n<\/ul>\n<div class=\"wpex-alert wpex-alert-warning wpex-alert-error\"><strong>Importante:<\/strong> deve primeiro selecionar as cores e o size.<\/div>\n","protected":false},"featured_media":6682,"comment_status":"open","ping_status":"closed","template":"","meta":[],"product_brand":[377],"product_cat":[41,42],"product_tag":[],"class_list":{"0":"post-6661","1":"product","2":"type-product","3":"status-publish","4":"has-post-thumbnail","6":"product_brand-bmc","7":"product_cat-componentes","8":"product_cat-quadro","9":"entry","10":"has-media","12":"first","13":"instock","14":"taxable","15":"shipping-taxable","16":"purchasable","17":"product-type-variable"},"_links":{"self":[{"href":"https:\/\/ridextravel.com\/ridemybike\/wp-json\/wp\/v2\/product\/6661","targetHints":{"allow":["GET"]}}],"collection":[{"href":"https:\/\/ridextravel.com\/ridemybike\/wp-json\/wp\/v2\/product"}],"about":[{"href":"https:\/\/ridextravel.com\/ridemybike\/wp-json\/wp\/v2\/types\/product"}],"replies":[{"embeddable":true,"href":"https:\/\/ridextravel.com\/ridemybike\/wp-json\/wp\/v2\/comments?post=6661"}],"wp:featuredmedia":[{"embeddable":true,"href":"https:\/\/ridextravel.com\/ridemybike\/wp-json\/wp\/v2\/media\/6682"}],"wp:attachment":[{"href":"https:\/\/ridextravel.com\/ridemybike\/wp-json\/wp\/v2\/media?parent=6661"}],"wp:term":[{"taxonomy":"product_brand","embeddable":true,"href":"https:\/\/ridextravel.com\/ridemybike\/wp-json\/wp\/v2\/product_brand?post=6661"},{"taxonomy":"product_cat","embeddable":true,"href":"https:\/\/ridextravel.com\/ridemybike\/wp-json\/wp\/v2\/product_cat?post=6661"},{"taxonomy":"product_tag","embeddable":true,"href":"https:\/\/ridextravel.com\/ridemybike\/wp-json\/wp\/v2\/product_tag?post=6661"}],"curies":[{"name":"wp","href":"https:\/\/api.w.org\/{rel}","templated":true}]}}