{"id":6707,"date":"2025-12-10T15:54:38","date_gmt":"2025-12-10T15:54:38","guid":{"rendered":"https:\/\/ridextravel.com\/ridemybike\/?post_type=product&#038;p=6707"},"modified":"2025-12-11T12:22:32","modified_gmt":"2025-12-11T12:22:32","slug":"roadmachine-three","status":"publish","type":"product","link":"https:\/\/ridextravel.com\/ridemybike\/produto\/roadmachine-three\/","title":{"rendered":"Roadmachine THREE"},"content":{"rendered":"<p>\u00c9 a primeira op\u00e7\u00e3o para os ciclistas que querem percorrer longas dist\u00e2ncias e n\u00e3o querem limitar-se a um \u00fanico terreno. Baseada na nossa experi\u00eancia e no nosso legado de excel\u00eancia na categoria Endurance, a Roadmachine combina conforto e efici\u00eancia numa bicicleta de estrada de alto desempenho muito vers\u00e1til que oferece uma experi\u00eancia de condu\u00e7\u00e3o excecional.<\/p>\n<p>Com um quadro de carbono leve, a bicicleta Endurance Roadmachine est\u00e1 repleta de carater\u00edsticas como a cablagem totalmente integrada, o armazenamento no tubo diagonal e uma luz traseira integrada, o que a prepara para qualquer desafio. Os pneus largos e de rolamento r\u00e1pido proporcionam uma condu\u00e7\u00e3o suave sobre diferentes tipos de superf\u00edcie.<\/p>\n<p>Com um fi\u00e1vel grupo Shimano 105 e outros componentes de qualidade, a Roadmachine THREE oferece uma excelente rela\u00e7\u00e3o qualidade-pre\u00e7o. A nossa pr\u00f3pria avan\u00e7ada integrada RSM01 e o novo guiador Endurance Alloy proporcionam uma ergonomia excelente e oferecem o equil\u00edbrio perfeito entre controlo e conforto para todas as suas voltas.<\/p>\n","protected":false},"excerpt":{"rendered":"<p>O equil\u00edbrio perfeito entre resist\u00eancia e velocidade. Fabricada com a experi\u00eancia da BMC em quadros de carbono, conta com integra\u00e7\u00e3o total e Shimano 105. \u00c9 a sua estrada, \u00e0 sua maneira!<\/p>\n<h3 data-path-to-node=\"9,0\">CARACTER\u00cdSTICAS PRINCIPAIS<\/h3>\n<ul data-path-to-node=\"9,1\">\n<li>\n<p data-path-to-node=\"9,1,0,0\">Quadro <b>Roadmachine Carbon<\/b> (conceito <i>Endurance<\/i>)<\/p>\n<\/li>\n<li>\n<p data-path-to-node=\"9,1,1,0\">Grupo mec\u00e2nico <b>Shimano 105<\/b> (2&#215;11)<\/p>\n<\/li>\n<li>\n<p data-path-to-node=\"9,1,2,0\">Cablagem totalmente integrada (ICS e-Cockpit)<\/p>\n<\/li>\n<li>\n<p data-path-to-node=\"9,1,3,0\">Tecnologia Tuned Compliance Concept (TCC Endurance)<\/p>\n<\/li>\n<li>\n<p data-path-to-node=\"9,1,4,0\">\u00d3timo equil\u00edbrio entre pre\u00e7o, desempenho e conforto<\/p>\n<\/li>\n<\/ul>\n<div class=\"wpex-alert wpex-alert-warning wpex-alert-error\"><strong>Importante:<\/strong> deve primeiro selecionar as cores e o size.<\/div>\n","protected":false},"featured_media":6708,"comment_status":"open","ping_status":"closed","template":"","meta":[],"product_brand":[377],"product_cat":[29,369,394],"product_tag":[],"class_list":{"0":"post-6707","1":"product","2":"type-product","3":"status-publish","4":"has-post-thumbnail","6":"product_brand-bmc","7":"product_cat-bicicletas","8":"product_cat-bmc","9":"product_cat-estrada-bmc","10":"entry","11":"has-media","13":"first","14":"instock","15":"taxable","16":"shipping-taxable","17":"purchasable","18":"product-type-variable"},"_links":{"self":[{"href":"https:\/\/ridextravel.com\/ridemybike\/wp-json\/wp\/v2\/product\/6707","targetHints":{"allow":["GET"]}}],"collection":[{"href":"https:\/\/ridextravel.com\/ridemybike\/wp-json\/wp\/v2\/product"}],"about":[{"href":"https:\/\/ridextravel.com\/ridemybike\/wp-json\/wp\/v2\/types\/product"}],"replies":[{"embeddable":true,"href":"https:\/\/ridextravel.com\/ridemybike\/wp-json\/wp\/v2\/comments?post=6707"}],"wp:featuredmedia":[{"embeddable":true,"href":"https:\/\/ridextravel.com\/ridemybike\/wp-json\/wp\/v2\/media\/6708"}],"wp:attachment":[{"href":"https:\/\/ridextravel.com\/ridemybike\/wp-json\/wp\/v2\/media?parent=6707"}],"wp:term":[{"taxonomy":"product_brand","embeddable":true,"href":"https:\/\/ridextravel.com\/ridemybike\/wp-json\/wp\/v2\/product_brand?post=6707"},{"taxonomy":"product_cat","embeddable":true,"href":"https:\/\/ridextravel.com\/ridemybike\/wp-json\/wp\/v2\/product_cat?post=6707"},{"taxonomy":"product_tag","embeddable":true,"href":"https:\/\/ridextravel.com\/ridemybike\/wp-json\/wp\/v2\/product_tag?post=6707"}],"curies":[{"name":"wp","href":"https:\/\/api.w.org\/{rel}","templated":true}]}}