{"id":6728,"date":"2025-12-10T16:20:45","date_gmt":"2025-12-10T16:20:45","guid":{"rendered":"https:\/\/ridextravel.com\/ridemybike\/?post_type=product&#038;p=6728"},"modified":"2025-12-11T12:22:55","modified_gmt":"2025-12-11T12:22:55","slug":"roadmachine-01-amp-two","status":"publish","type":"product","link":"https:\/\/ridextravel.com\/ridemybike\/produto\/roadmachine-01-amp-two\/","title":{"rendered":"Roadmachine 01 AMP TWO"},"content":{"rendered":"<p>Mais r\u00e1pido, mais longe. Concebida para ir mais longe, mais r\u00e1pido e com menos esfor\u00e7o, a Roadmachine 01 AMP continua o legado da Roadmachine com a tecnologia e-road de vanguarda. Impulsionada pela unidade motriz TQ-HPR60, a mais leve e silenciosa, totalmente integrada no nosso quadro de carbono Premium, proporciona uma assist\u00eancia silenciosa, suave e natural sem comprometer a sensa\u00e7\u00e3o de condu\u00e7\u00e3o.<\/p>\n<p>A nossa geometria Roadmachine 01 coloca-o numa posi\u00e7\u00e3o ligeiramente mais vertical para o manter fresco enquanto pedala nos seus percursos mais longos. Equipada com transmiss\u00e3o SHIMANO 105 Di2 1x, pedaleiro Praxis, rodas de alum\u00ednio AR 27 e avan\u00e7o RSM01 com integra\u00e7\u00e3o de cabos ICS, \u00e9 a companheira perfeita para os ciclistas que procuram a Endurance do mundo real com uma assist\u00eancia extra.<\/p>\n","protected":false},"excerpt":{"rendered":"<p>Amplifique cada volta em estrada com o magn\u00edfico desempenho do quadro Roadmachine 01, o sistema de bicicleta el\u00e9trica TQ-HPR60, o grupo SHIMANO 105 Di2 e as rodas de alum\u00ednio AR 27.<\/p>\n<h3 data-path-to-node=\"9,0\">CARACTER\u00cdSTICAS PRINCIPAIS<\/h3>\n<ul data-path-to-node=\"9,1\">\n<li>\n<p data-path-to-node=\"9,1,0,0\">Quadro <b>Roadmachine 01 AMP Carbon<\/b> e bateria integrada<\/p>\n<\/li>\n<li>\n<p data-path-to-node=\"9,1,1,0\">Motor de assist\u00eancia el\u00e9trica ultraleve <b>TQ-HPR60<\/b><\/p>\n<\/li>\n<li>\n<p data-path-to-node=\"9,1,2,0\">Grupo eletr\u00f3nico <b>Shimano 105 Di2<\/b> (2&#215;12)<\/p>\n<\/li>\n<li>\n<p data-path-to-node=\"9,1,3,0\">Cockpit integrado ICS2 e tecnologia TCC Endurance<\/p>\n<\/li>\n<li>\n<p data-path-to-node=\"9,1,4,0\">Rodas de alum\u00ednio <b>Mavic Allroad (AR 27)<\/b><\/p>\n<\/li>\n<\/ul>\n<div class=\"wpex-alert wpex-alert-warning wpex-alert-error\"><strong>Importante:<\/strong> deve primeiro selecionar as cores e o size.<\/div>\n","protected":false},"featured_media":6731,"comment_status":"open","ping_status":"closed","template":"","meta":[],"product_brand":[377],"product_cat":[29,369,394],"product_tag":[],"class_list":{"0":"post-6728","1":"product","2":"type-product","3":"status-publish","4":"has-post-thumbnail","6":"product_brand-bmc","7":"product_cat-bicicletas","8":"product_cat-bmc","9":"product_cat-estrada-bmc","10":"entry","11":"has-media","13":"first","14":"instock","15":"taxable","16":"shipping-taxable","17":"purchasable","18":"product-type-variable"},"_links":{"self":[{"href":"https:\/\/ridextravel.com\/ridemybike\/wp-json\/wp\/v2\/product\/6728","targetHints":{"allow":["GET"]}}],"collection":[{"href":"https:\/\/ridextravel.com\/ridemybike\/wp-json\/wp\/v2\/product"}],"about":[{"href":"https:\/\/ridextravel.com\/ridemybike\/wp-json\/wp\/v2\/types\/product"}],"replies":[{"embeddable":true,"href":"https:\/\/ridextravel.com\/ridemybike\/wp-json\/wp\/v2\/comments?post=6728"}],"wp:featuredmedia":[{"embeddable":true,"href":"https:\/\/ridextravel.com\/ridemybike\/wp-json\/wp\/v2\/media\/6731"}],"wp:attachment":[{"href":"https:\/\/ridextravel.com\/ridemybike\/wp-json\/wp\/v2\/media?parent=6728"}],"wp:term":[{"taxonomy":"product_brand","embeddable":true,"href":"https:\/\/ridextravel.com\/ridemybike\/wp-json\/wp\/v2\/product_brand?post=6728"},{"taxonomy":"product_cat","embeddable":true,"href":"https:\/\/ridextravel.com\/ridemybike\/wp-json\/wp\/v2\/product_cat?post=6728"},{"taxonomy":"product_tag","embeddable":true,"href":"https:\/\/ridextravel.com\/ridemybike\/wp-json\/wp\/v2\/product_tag?post=6728"}],"curies":[{"name":"wp","href":"https:\/\/api.w.org\/{rel}","templated":true}]}}