{"id":6749,"date":"2025-12-10T16:48:43","date_gmt":"2025-12-10T16:48:43","guid":{"rendered":"https:\/\/ridextravel.com\/ridemybike\/?post_type=product&#038;p=6749"},"modified":"2025-12-11T12:23:28","modified_gmt":"2025-12-11T12:23:28","slug":"kaius-01-two","status":"publish","type":"product","link":"https:\/\/ridextravel.com\/ridemybike\/produto\/kaius-01-two\/","title":{"rendered":"Kaius 01 TWO"},"content":{"rendered":"<p>Corridas de gravel, redefinidas. A Kaius 01 \u00e9 o resultado da obsess\u00e3o da BMC pela velocidade em gravel. Desenhada no Impec Lab com tecnologia de carbono de vanguarda, foi concebida especificamente para as corridas de gravel.<\/p>\n<p>A sua geometria, otimizada para a competi\u00e7\u00e3o, oferece a combina\u00e7\u00e3o ideal de rigidez, baixo peso e flexibilidade, melhorando a tra\u00e7\u00e3o, a estabilidade e a efici\u00eancia nas subidas em terrenos exigentes. Com o cockpit ICS Carbon Aero totalmente integrado e o nosso design de porta-bid\u00e3o Aerocore, esta bicicleta corta o vento e avan\u00e7a.<\/p>\n<p>Equipada com componentes de primeira qualidade, como o mais recente SRAM Force AXS XPLR, medidores de pot\u00eancia integrados e rodas de carbono CG 39, a Kaius 01 est\u00e1 pronta para alcan\u00e7ar p\u00f3dios e superar limites em cada volta.<\/p>\n<p>.<\/p>\n","protected":false},"excerpt":{"rendered":"<p>Concebida para a velocidade e constru\u00edda para terrenos dif\u00edceis. Inclui um cockpit de uma s\u00f3 pe\u00e7a ICS Carbon Aero, rodas de carbono CG 39 e o grupo mais recente SRAM Force AXS XPLR.<\/p>\n<h3 data-path-to-node=\"9,0\">CARACTER\u00cdSTICAS PRINCIPAIS<\/h3>\n<ul data-path-to-node=\"9,1\">\n<li>\n<p data-path-to-node=\"9,1,0,0\">Quadro <b>Kaius 01 Premium Carbon<\/b> (leveza e aerodin\u00e2mica)<\/p>\n<\/li>\n<li>\n<p data-path-to-node=\"9,1,1,0\">Grupo eletr\u00f3nico <b>SRAM Force eTap AXS XPLR<\/b> (1&#215;12)<\/p>\n<\/li>\n<li>\n<p data-path-to-node=\"9,1,2,0\">Cockpit integrado <b>ICS Carbon Aero<\/b><\/p>\n<\/li>\n<li>\n<p data-path-to-node=\"9,1,3,0\">Rodas de carbono <b>CG 39 Carbon<\/b> (ou CRD-400)<\/p>\n<\/li>\n<li>\n<p data-path-to-node=\"9,1,4,0\">Geometria TCC Race otimizada para competi\u00e7\u00e3o em <i>gravel<\/i><\/p>\n<\/li>\n<\/ul>\n<div class=\"wpex-alert wpex-alert-warning wpex-alert-error\"><strong>Importante:<\/strong> deve primeiro selecionar as cores e o size.<\/div>\n","protected":false},"featured_media":6751,"comment_status":"open","ping_status":"closed","template":"","meta":[],"product_brand":[377],"product_cat":[29,369,395],"product_tag":[],"class_list":{"0":"post-6749","1":"product","2":"type-product","3":"status-publish","4":"has-post-thumbnail","6":"product_brand-bmc","7":"product_cat-bicicletas","8":"product_cat-bmc","9":"product_cat-gravel-bmc","10":"entry","11":"has-media","13":"first","14":"instock","15":"taxable","16":"shipping-taxable","17":"purchasable","18":"product-type-variable"},"_links":{"self":[{"href":"https:\/\/ridextravel.com\/ridemybike\/wp-json\/wp\/v2\/product\/6749","targetHints":{"allow":["GET"]}}],"collection":[{"href":"https:\/\/ridextravel.com\/ridemybike\/wp-json\/wp\/v2\/product"}],"about":[{"href":"https:\/\/ridextravel.com\/ridemybike\/wp-json\/wp\/v2\/types\/product"}],"replies":[{"embeddable":true,"href":"https:\/\/ridextravel.com\/ridemybike\/wp-json\/wp\/v2\/comments?post=6749"}],"wp:featuredmedia":[{"embeddable":true,"href":"https:\/\/ridextravel.com\/ridemybike\/wp-json\/wp\/v2\/media\/6751"}],"wp:attachment":[{"href":"https:\/\/ridextravel.com\/ridemybike\/wp-json\/wp\/v2\/media?parent=6749"}],"wp:term":[{"taxonomy":"product_brand","embeddable":true,"href":"https:\/\/ridextravel.com\/ridemybike\/wp-json\/wp\/v2\/product_brand?post=6749"},{"taxonomy":"product_cat","embeddable":true,"href":"https:\/\/ridextravel.com\/ridemybike\/wp-json\/wp\/v2\/product_cat?post=6749"},{"taxonomy":"product_tag","embeddable":true,"href":"https:\/\/ridextravel.com\/ridemybike\/wp-json\/wp\/v2\/product_tag?post=6749"}],"curies":[{"name":"wp","href":"https:\/\/api.w.org\/{rel}","templated":true}]}}