{"id":6783,"date":"2025-12-10T17:28:38","date_gmt":"2025-12-10T17:28:38","guid":{"rendered":"https:\/\/ridextravel.com\/ridemybike\/?post_type=product&#038;p=6783"},"modified":"2025-12-11T12:23:55","modified_gmt":"2025-12-11T12:23:55","slug":"urs-one","status":"publish","type":"product","link":"https:\/\/ridextravel.com\/ridemybike\/produto\/urs-one\/","title":{"rendered":"URS ONE"},"content":{"rendered":"<p>Pronto para a sua pr\u00f3xima aventura? A URS ONE consegue o equil\u00edbrio perfeito entre geometria apta para gravel, design leve e carater\u00edsticas f\u00e1ceis de usar. O seu quadro e forqueta inovadores oferecem-lhe tudo o que precisa: grande espa\u00e7o de armazenamento no tubo diagonal, m\u00faltiplos suportes de carga, um espig\u00e3o de selim em forma de D para maior conforto e prote\u00e7\u00f5es refor\u00e7adas para proteger o carbono dos impactos.<\/p>\n<p>Equipada com o grupo SRAM Apex, um combo melhorado de avan\u00e7o e guiador para gravel, novas jantes de alum\u00ednio AG 20 e pneus WTB Raddler de 44 mm, esta bicicleta para gravel e bikepacking est\u00e1 preparada para qualquer desafio. Com a URS ONE, poder\u00e1 enfrentar qualquer terreno, viver qualquer aventura e superar os seus limites.<\/p>\n<p>&nbsp;<\/p>\n<p>&nbsp;<\/p>\n<p>&nbsp;<\/p>\n<p>.<\/p>\n","protected":false},"excerpt":{"rendered":"<p>Combina um design leve, grande espa\u00e7o de armazenamento no tubo diagonal, transmiss\u00e3o SRAM Apex\/S1000 Eagle, rodas AG 20 tubeless e, claro, cablagem integrada.<\/p>\n<h3 data-path-to-node=\"10,0\">CARACTER\u00cdSTICAS PRINCIPAIS<\/h3>\n<ul data-path-to-node=\"10,1\">\n<li>\n<p data-path-to-node=\"10,1,0,0\">Quadro <b>URS Premium Carbon<\/b> (leveza e durabilidade)<\/p>\n<\/li>\n<li>\n<p data-path-to-node=\"10,1,1,0\">Transmiss\u00e3o <b>SRAM Apex\/Eagle<\/b> (<i>Mullet<\/i> &#8211; 1&#215;12) para ampla gama de subida<\/p>\n<\/li>\n<li>\n<p data-path-to-node=\"10,1,2,0\">Amortecimento <b>MTT<\/b> (Micro Travel Technology) de 10mm no eixo traseiro<\/p>\n<\/li>\n<li>\n<p data-path-to-node=\"10,1,3,0\">Compartimento de <b>Armazenamento Integrado<\/b> no Tubo Diagonal<\/p>\n<\/li>\n<li>\n<p data-path-to-node=\"10,1,4,0\">Rodas de alum\u00ednio <b>DT Swiss AG 20<\/b> (<i>Tubeless Ready<\/i>)<\/p>\n<\/li>\n<\/ul>\n<p>&nbsp;<\/p>\n<div class=\"wpex-alert wpex-alert-warning wpex-alert-error\"><strong>Importante:<\/strong> deve primeiro selecionar as cores e o size.<\/div>\n","protected":false},"featured_media":6784,"comment_status":"open","ping_status":"closed","template":"","meta":[],"product_brand":[377],"product_cat":[29,369,395],"product_tag":[],"class_list":{"0":"post-6783","1":"product","2":"type-product","3":"status-publish","4":"has-post-thumbnail","6":"product_brand-bmc","7":"product_cat-bicicletas","8":"product_cat-bmc","9":"product_cat-gravel-bmc","10":"entry","11":"has-media","13":"first","14":"instock","15":"taxable","16":"shipping-taxable","17":"purchasable","18":"product-type-variable"},"_links":{"self":[{"href":"https:\/\/ridextravel.com\/ridemybike\/wp-json\/wp\/v2\/product\/6783","targetHints":{"allow":["GET"]}}],"collection":[{"href":"https:\/\/ridextravel.com\/ridemybike\/wp-json\/wp\/v2\/product"}],"about":[{"href":"https:\/\/ridextravel.com\/ridemybike\/wp-json\/wp\/v2\/types\/product"}],"replies":[{"embeddable":true,"href":"https:\/\/ridextravel.com\/ridemybike\/wp-json\/wp\/v2\/comments?post=6783"}],"wp:featuredmedia":[{"embeddable":true,"href":"https:\/\/ridextravel.com\/ridemybike\/wp-json\/wp\/v2\/media\/6784"}],"wp:attachment":[{"href":"https:\/\/ridextravel.com\/ridemybike\/wp-json\/wp\/v2\/media?parent=6783"}],"wp:term":[{"taxonomy":"product_brand","embeddable":true,"href":"https:\/\/ridextravel.com\/ridemybike\/wp-json\/wp\/v2\/product_brand?post=6783"},{"taxonomy":"product_cat","embeddable":true,"href":"https:\/\/ridextravel.com\/ridemybike\/wp-json\/wp\/v2\/product_cat?post=6783"},{"taxonomy":"product_tag","embeddable":true,"href":"https:\/\/ridextravel.com\/ridemybike\/wp-json\/wp\/v2\/product_tag?post=6783"}],"curies":[{"name":"wp","href":"https:\/\/api.w.org\/{rel}","templated":true}]}}