{"id":6793,"date":"2025-12-10T17:38:08","date_gmt":"2025-12-10T17:38:08","guid":{"rendered":"https:\/\/ridextravel.com\/ridemybike\/?post_type=product&#038;p=6793"},"modified":"2025-12-11T12:24:28","modified_gmt":"2025-12-11T12:24:28","slug":"urs-two","status":"publish","type":"product","link":"https:\/\/ridextravel.com\/ridemybike\/produto\/urs-two\/","title":{"rendered":"URS TWO"},"content":{"rendered":"<p>A URS TWO redefine o gravel UNRESTRICTED. O seu quadro e forqueta inovadores oferecem-lhe tudo o que precisa: grande espa\u00e7o de armazenamento no tubo diagonal, m\u00faltiplos suportes de carga, um espig\u00e3o de selim em forma de D para maior conforto e prote\u00e7\u00f5es refor\u00e7adas para proteger o carbono dos impactos.<\/p>\n<p>Com o grupo Shimano GRX 610 emparelhado com as nossas novas rodas de alum\u00ednio AG 20, est\u00e1 constru\u00edda para o que n\u00e3o se pode esperar nos trilhos. A URS TWO \u00e9 a sua entrada para um desempenho inigual\u00e1vel em gravel, com a combina\u00e7\u00e3o perfeita de tecnologia, pot\u00eancia e prepara\u00e7\u00e3o para as suas voltas \u00e9picas.<\/p>\n<p>&nbsp;<\/p>\n<p>&nbsp;<\/p>\n<p>&nbsp;<\/p>\n<p>&nbsp;<\/p>\n<p>.<\/p>\n","protected":false},"excerpt":{"rendered":"<p>Defina o gravel como n\u00f3s gostamos. Shimano GRX 610, jantes GR650 tubeless, armazenamento no tubo diagonal, m\u00faltiplos suportes de carga: est\u00e1 feita para aventuras \u00e9picas.<\/p>\n<h3 data-path-to-node=\"9,0\">CARACTER\u00cdSTICAS PRINCIPAIS<\/h3>\n<ul data-path-to-node=\"9,1\">\n<li>\n<p data-path-to-node=\"9,1,0,0\">Quadro <b>URS Premium Carbon<\/b> (leveza para <i>gravel<\/i> de aventura)<\/p>\n<\/li>\n<li>\n<p data-path-to-node=\"9,1,1,0\">Grupo <b>Shimano GRX 610\/810<\/b> (2&#215;11) para versatilidade<\/p>\n<\/li>\n<li>\n<p data-path-to-node=\"9,1,2,0\">Amortecimento <b>MTT<\/b> (Micro Travel Technology) de 10mm no eixo traseiro<\/p>\n<\/li>\n<li>\n<p data-path-to-node=\"9,1,3,0\">Compartimento de <b>Armazenamento Integrado<\/b> no Tubo Diagonal<\/p>\n<\/li>\n<li>\n<p data-path-to-node=\"9,1,4,0\">Rodas <b>DT Swiss GR650<\/b> (<i>Tubeless Ready<\/i>)<\/p>\n<\/li>\n<\/ul>\n<div class=\"wpex-alert wpex-alert-warning wpex-alert-error\"><strong>Importante:<\/strong> deve primeiro selecionar as cores e o size.<\/div>\n","protected":false},"featured_media":6799,"comment_status":"open","ping_status":"closed","template":"","meta":[],"product_brand":[377],"product_cat":[29,369,395],"product_tag":[],"class_list":{"0":"post-6793","1":"product","2":"type-product","3":"status-publish","4":"has-post-thumbnail","6":"product_brand-bmc","7":"product_cat-bicicletas","8":"product_cat-bmc","9":"product_cat-gravel-bmc","10":"entry","11":"has-media","13":"first","14":"instock","15":"taxable","16":"shipping-taxable","17":"purchasable","18":"product-type-variable"},"_links":{"self":[{"href":"https:\/\/ridextravel.com\/ridemybike\/wp-json\/wp\/v2\/product\/6793","targetHints":{"allow":["GET"]}}],"collection":[{"href":"https:\/\/ridextravel.com\/ridemybike\/wp-json\/wp\/v2\/product"}],"about":[{"href":"https:\/\/ridextravel.com\/ridemybike\/wp-json\/wp\/v2\/types\/product"}],"replies":[{"embeddable":true,"href":"https:\/\/ridextravel.com\/ridemybike\/wp-json\/wp\/v2\/comments?post=6793"}],"wp:featuredmedia":[{"embeddable":true,"href":"https:\/\/ridextravel.com\/ridemybike\/wp-json\/wp\/v2\/media\/6799"}],"wp:attachment":[{"href":"https:\/\/ridextravel.com\/ridemybike\/wp-json\/wp\/v2\/media?parent=6793"}],"wp:term":[{"taxonomy":"product_brand","embeddable":true,"href":"https:\/\/ridextravel.com\/ridemybike\/wp-json\/wp\/v2\/product_brand?post=6793"},{"taxonomy":"product_cat","embeddable":true,"href":"https:\/\/ridextravel.com\/ridemybike\/wp-json\/wp\/v2\/product_cat?post=6793"},{"taxonomy":"product_tag","embeddable":true,"href":"https:\/\/ridextravel.com\/ridemybike\/wp-json\/wp\/v2\/product_tag?post=6793"}],"curies":[{"name":"wp","href":"https:\/\/api.w.org\/{rel}","templated":true}]}}