{"id":6804,"date":"2025-12-10T19:32:27","date_gmt":"2025-12-10T19:32:27","guid":{"rendered":"https:\/\/ridextravel.com\/ridemybike\/?post_type=product&#038;p=6804"},"modified":"2025-12-11T12:24:47","modified_gmt":"2025-12-11T12:24:47","slug":"fourstroke-r-01-one","status":"publish","type":"product","link":"https:\/\/ridextravel.com\/ridemybike\/produto\/fourstroke-r-01-one\/","title":{"rendered":"Fourstroke R 01 ONE"},"content":{"rendered":"<p>A Fourstroke 01, concebida especificamente para os ca\u00e7adores de p\u00f3dio, combina o design de vanguarda da BMC e o desempenho sem concess\u00f5es do Impec Lab. No seu n\u00facleo, encontram-se a cinem\u00e1tica de suspens\u00e3o APS da BMC e o espig\u00e3o de selim Autodrop integrado e ultraeficiente, que oferece efici\u00eancia e velocidade em qualquer terreno.<\/p>\n<p>O seu quadro de carbono Premium est\u00e1 otimizado para as corridas XC modernas, gra\u00e7as a uma geometria progressiva e aos seus 120 mm de curso dianteiro e traseiro. Como novidade este ano, o guiador de uma s\u00f3 pe\u00e7a ICS Carbon XC proporciona-lhe um controlo e confian\u00e7a extra, gra\u00e7as ao seu design flex\u00edvel e adapt\u00e1vel.<\/p>\n<p>Equipada com uma transmiss\u00e3o SRAM XX SL AXS Eagle, uma suspens\u00e3o baseada na forqueta \u00d6hlins RXC34 Carbon e no amortecedor \u00d6hlins TXC2 Air, al\u00e9m de rodas DT Swiss XRC 1200 fi\u00e1veis e leves, \u00e9 uma bicicleta pronta a competir desde a primeira volta.<\/p>\n<p>&nbsp;<\/p>\n<p>&nbsp;<\/p>\n<p>&nbsp;<\/p>\n<p>&nbsp;<\/p>\n<p>&nbsp;<\/p>\n<p>.<\/p>\n","protected":false},"excerpt":{"rendered":"<p>Quadro Fourstroke R 01 com suspens\u00e3o APS de 120 mm e espig\u00e3o de selim Autodrop. Est\u00e1 equipado apenas com o melhor: suspens\u00e3o \u00d6hlins, SRAM XX SL Eagle e rodas DT Swiss XRC 1200.<\/p>\n<h3 data-path-to-node=\"9,0\">CARACTER\u00cdSTICAS PRINCIPAIS<\/h3>\n<ul data-path-to-node=\"9,1\">\n<li>\n<p data-path-to-node=\"9,1,0,0\">Quadro <b>Fourstroke R 01 Premium Carbon<\/b> (120mm de curso)<\/p>\n<\/li>\n<li>\n<p data-path-to-node=\"9,1,1,0\">Suspens\u00e3o de competi\u00e7\u00e3o <b>\u00d6hlins<\/b> (120mm)<\/p>\n<\/li>\n<li>\n<p data-path-to-node=\"9,1,2,0\">Grupo eletr\u00f3nico <b>SRAM XX SL Eagle AXS<\/b> (Wireless, 1&#215;12)<\/p>\n<\/li>\n<li>\n<p data-path-to-node=\"9,1,3,0\">Espig\u00e3o telesc\u00f3pico <b>BMC Autodrop<\/b> integrado e ultraleve<\/p>\n<\/li>\n<li>\n<p data-path-to-node=\"9,1,4,0\">Rodas de carbono <b>DT Swiss XRC 1200<\/b> (Topo de Gama)<\/p>\n<\/li>\n<\/ul>\n<div class=\"wpex-alert wpex-alert-warning wpex-alert-error\"><strong>Importante:<\/strong> deve primeiro selecionar as cores e o size.<\/div>\n","protected":false},"featured_media":6805,"comment_status":"open","ping_status":"closed","template":"","meta":[],"product_brand":[377],"product_cat":[29,369,396],"product_tag":[],"class_list":{"0":"post-6804","1":"product","2":"type-product","3":"status-publish","4":"has-post-thumbnail","6":"product_brand-bmc","7":"product_cat-bicicletas","8":"product_cat-bmc","9":"product_cat-mountain","10":"entry","11":"has-media","13":"first","14":"instock","15":"taxable","16":"shipping-taxable","17":"purchasable","18":"product-type-variable"},"_links":{"self":[{"href":"https:\/\/ridextravel.com\/ridemybike\/wp-json\/wp\/v2\/product\/6804","targetHints":{"allow":["GET"]}}],"collection":[{"href":"https:\/\/ridextravel.com\/ridemybike\/wp-json\/wp\/v2\/product"}],"about":[{"href":"https:\/\/ridextravel.com\/ridemybike\/wp-json\/wp\/v2\/types\/product"}],"replies":[{"embeddable":true,"href":"https:\/\/ridextravel.com\/ridemybike\/wp-json\/wp\/v2\/comments?post=6804"}],"wp:featuredmedia":[{"embeddable":true,"href":"https:\/\/ridextravel.com\/ridemybike\/wp-json\/wp\/v2\/media\/6805"}],"wp:attachment":[{"href":"https:\/\/ridextravel.com\/ridemybike\/wp-json\/wp\/v2\/media?parent=6804"}],"wp:term":[{"taxonomy":"product_brand","embeddable":true,"href":"https:\/\/ridextravel.com\/ridemybike\/wp-json\/wp\/v2\/product_brand?post=6804"},{"taxonomy":"product_cat","embeddable":true,"href":"https:\/\/ridextravel.com\/ridemybike\/wp-json\/wp\/v2\/product_cat?post=6804"},{"taxonomy":"product_tag","embeddable":true,"href":"https:\/\/ridextravel.com\/ridemybike\/wp-json\/wp\/v2\/product_tag?post=6804"}],"curies":[{"name":"wp","href":"https:\/\/api.w.org\/{rel}","templated":true}]}}