{"id":6839,"date":"2025-12-10T22:13:04","date_gmt":"2025-12-10T22:13:04","guid":{"rendered":"https:\/\/ridextravel.com\/ridemybike\/?post_type=product&#038;p=6839"},"modified":"2025-12-11T12:27:45","modified_gmt":"2025-12-11T12:27:45","slug":"fourstroke-r-01-frameset-firestorm","status":"publish","type":"product","link":"https:\/\/ridextravel.com\/ridemybike\/produto\/fourstroke-r-01-frameset-firestorm\/","title":{"rendered":"Fourstroke R 01 Frameset Firestorm"},"content":{"rendered":"<p>Pronto para o dia da corrida ou para uma \u00e9poca completa de competi\u00e7\u00e3o. O quadro Fourstroke 01 combina o design de vanguarda da BMC e o desempenho sem concess\u00f5es do Impec Lab.<\/p>\n<p>No seu n\u00facleo, encontram-se a cinem\u00e1tica de suspens\u00e3o APS da BMC e o espig\u00e3o de selim Autodrop integrado e ultraeficiente, que oferece efici\u00eancia e velocidade em qualquer terreno. O seu quadro de carbono Premium est\u00e1 otimizado para as corridas XC modernas, gra\u00e7as a uma geometria progressiva e aos seus 120 mm de curso dianteiro e traseiro.<\/p>\n<p>Exclusivo deste modelo, o acabamento Variation 0 adere \u00e0 camada \u00fanica de PU, o que o torna no quadro mais leve da nossa cole\u00e7\u00e3o. Al\u00e9m disso, poder\u00e1 ser a base perfeita para o seu projeto de pintura personalizada. Agora \u00e9 o seu momento de brilhar no p\u00f3dio com estilo.<\/p>\n<p>&nbsp;<\/p>\n<p>&nbsp;<\/p>\n<p>&nbsp;<\/p>\n<p>&nbsp;<\/p>\n<p>&nbsp;<\/p>\n<p>&nbsp;<\/p>\n<p>&nbsp;<\/p>\n<p>.<\/p>\n","protected":false},"excerpt":{"rendered":"<div class=\"product-block bmc-product-desc\">\u00a0Cuadro de la plataforma XCO m\u00e1s r\u00e1pida con el acabado de pintura m\u00e1s ligero. Suspensi\u00f3n APS de 120 mm con \u00d6hlins TXC2 y tija telesc\u00f3pica Autodrop.<\/div>\n<h3 data-path-to-node=\"9,0\">CARACTER\u00cdSTICAS PRINCIPAIS<\/h3>\n<ul data-path-to-node=\"9,1\">\n<li>\n<p data-path-to-node=\"9,1,0,0\">Plataforma <b>Fourstroke R 01<\/b> (120mm de curso)<\/p>\n<\/li>\n<li>\n<p data-path-to-node=\"9,1,1,0\">Quadro <b>Premium Carbon<\/b> com acabamento de pintura ultraleve<\/p>\n<\/li>\n<li>\n<p data-path-to-node=\"9,1,2,0\">Inclui Amortecedor <b>\u00d6hlins TXC2<\/b> Air<\/p>\n<\/li>\n<li>\n<p data-path-to-node=\"9,1,3,0\">Inclui Espig\u00e3o telesc\u00f3pico <b>BMC Autodrop<\/b><\/p>\n<\/li>\n<li>\n<p data-path-to-node=\"9,1,4,0\">Geometria progressiva de <i>Down Country<\/i><\/p>\n<\/li>\n<\/ul>\n<div class=\"wpex-alert wpex-alert-warning wpex-alert-error\"><strong>Importante:<\/strong> deve primeiro selecionar as cores e o size.<\/div>\n","protected":false},"featured_media":6841,"comment_status":"closed","ping_status":"closed","template":"","meta":[],"product_brand":[377],"product_cat":[41,42],"product_tag":[],"class_list":{"0":"post-6839","1":"product","2":"type-product","3":"status-publish","4":"has-post-thumbnail","6":"product_brand-bmc","7":"product_cat-componentes","8":"product_cat-quadro","9":"entry","10":"has-media","12":"first","13":"instock","14":"taxable","15":"shipping-taxable","16":"purchasable","17":"product-type-variable"},"_links":{"self":[{"href":"https:\/\/ridextravel.com\/ridemybike\/wp-json\/wp\/v2\/product\/6839","targetHints":{"allow":["GET"]}}],"collection":[{"href":"https:\/\/ridextravel.com\/ridemybike\/wp-json\/wp\/v2\/product"}],"about":[{"href":"https:\/\/ridextravel.com\/ridemybike\/wp-json\/wp\/v2\/types\/product"}],"replies":[{"embeddable":true,"href":"https:\/\/ridextravel.com\/ridemybike\/wp-json\/wp\/v2\/comments?post=6839"}],"wp:featuredmedia":[{"embeddable":true,"href":"https:\/\/ridextravel.com\/ridemybike\/wp-json\/wp\/v2\/media\/6841"}],"wp:attachment":[{"href":"https:\/\/ridextravel.com\/ridemybike\/wp-json\/wp\/v2\/media?parent=6839"}],"wp:term":[{"taxonomy":"product_brand","embeddable":true,"href":"https:\/\/ridextravel.com\/ridemybike\/wp-json\/wp\/v2\/product_brand?post=6839"},{"taxonomy":"product_cat","embeddable":true,"href":"https:\/\/ridextravel.com\/ridemybike\/wp-json\/wp\/v2\/product_cat?post=6839"},{"taxonomy":"product_tag","embeddable":true,"href":"https:\/\/ridextravel.com\/ridemybike\/wp-json\/wp\/v2\/product_tag?post=6839"}],"curies":[{"name":"wp","href":"https:\/\/api.w.org\/{rel}","templated":true}]}}